{"id":627,"date":"2013-07-04T21:06:33","date_gmt":"2013-07-04T19:06:33","guid":{"rendered":"http:\/\/tulisa-dev.bitfriends.de\/?page_id=627"},"modified":"2018-06-15T16:22:20","modified_gmt":"2018-06-15T14:22:20","slug":"unsere-partner","status":"publish","type":"page","link":"https:\/\/www.tulisa.org\/en\/unsere-partner","title":{"rendered":"Unsere Partner"},"content":{"rendered":"<p>In Afrika und Lateinamerika arbeiten wir mit Partnerorganisationen vor Ort. An dieser Stelle finden Sie einen \u00dcberblick \u00fcber diese Organisationen:<\/p>\n<table width=\"100%\" border=\"0\" cellspacing=\"0\" cellpadding=\"0\">\n<tbody>\n<tr>\n<td>\n<strong>Dr. Juan Carlos Olarte<\/strong> &#8211; <strong>Med. Odont.<\/strong>, <strong>Hospital de Fontib\u00f3n<\/strong><br \/>\nBogot\u00e1 &#8211; Kolumbien<br \/>\nUrl: <a onclick=\"window.open(this.href, '_blank', ''); return false;\" href=\"http:\/\/www.hospitalfontibon.gov.co\/\">www.hospitalfontibon.gov.co<\/a><\/td>\n<\/tr>\n<tr>\n<td>\n<strong>Dr. med. Martin Kollmann<\/strong><br \/>\nNairobi &#8211; Kenia<br \/>\nUrl: <a onclick=\"window.open(this.href, '_blank', ''); return false;\" href=\"http:\/\/www.cbm.de\/mitarbeiter\/Kollmann-Dr.-Martin-K.-H.-156724.html\">www.cbm.de\/mitarbeiter\/Kollmann-Dr.-Martin-K.-H<\/a><\/td>\n<\/tr>\n<tr>\n<td>\n<strong>Fundacion Dr. Juan Mi. Traveras Rodriguez, Inc.<\/strong><br \/>\nPKAN en la Republica Dominicana<br \/>\nUrl: <a onclick=\"window.open(this.href, '_blank', ''); return false;\" href=\"http:\/\/www.pkanenrd.jimdo.com\/\">www.pkanenrd.jimdo.com<\/a><\/td>\n<\/tr>\n<tr>\n<td>\n<strong>Kinderheim &#8220;The Nest&#8221;<\/strong><br \/>\nP.O.Box 605 &#8211; 00621 Nairobi \/ Kenia<br \/>\nUrl: <a onclick=\"window.open(this.href, '_blank', ''); return false;\" href=\"http:\/\/www.uhuru.de\/thenesthome\">www.uhuru.de\/thenesthome<\/a><\/td>\n<\/tr>\n<tr>\n<td>\n<strong>Mobile Hilfe Madagaskar e.V.<\/strong><br \/>\n105 Antananarivo &#8211; Madagaskar<br \/>\nUrl: <a onclick=\"window.open(this.href, '_blank', ''); return false;\" href=\"http:\/\/www.mobile-hilfe-madagaskar.de\/\">www.mobile-hilfe-madagaskar.de<\/a><\/td>\n<\/tr>\n<tr>\n<td><strong>Christina Haverkamp &#8211; Yanomami-Hilfe e.V.<\/strong><br \/>\n24241 Blumenthal<br \/>\nUrl: <a onclick=\"window.open(this.href, '_blank', ''); return false;\" href=\"http:\/\/www.yanomami-hilfe.de\/\">http:\/\/www.yanomami-hilfe.de<\/a><\/td>\n<\/tr>\n<\/tbody>\n<\/table>\n","protected":false},"excerpt":{"rendered":"<p>In Afrika und Lateinamerika arbeiten wir mit Partnerorganisationen vor Ort. An dieser Stelle finden Sie einen \u00dcberblick \u00fcber diese Organisationen: Dr. Juan Carlos Olarte &#8211; Med. Odont., Hospital de Fontib\u00f3n Bogot\u00e1 &#8211; Kolumbien Url: www.hospitalfontibon.gov.co Dr. med. Martin Kollmann Nairobi &hellip; <a href=\"https:\/\/www.tulisa.org\/en\/unsere-partner\">Continue reading <span class=\"meta-nav\">&rarr;<\/span><\/a><\/p>\n","protected":false},"author":3,"featured_media":0,"parent":0,"menu_order":0,"comment_status":"closed","ping_status":"closed","template":"","meta":{"ngg_post_thumbnail":0},"_links":{"self":[{"href":"https:\/\/www.tulisa.org\/en\/wp-json\/wp\/v2\/pages\/627"}],"collection":[{"href":"https:\/\/www.tulisa.org\/en\/wp-json\/wp\/v2\/pages"}],"about":[{"href":"https:\/\/www.tulisa.org\/en\/wp-json\/wp\/v2\/types\/page"}],"author":[{"embeddable":true,"href":"https:\/\/www.tulisa.org\/en\/wp-json\/wp\/v2\/users\/3"}],"replies":[{"embeddable":true,"href":"https:\/\/www.tulisa.org\/en\/wp-json\/wp\/v2\/comments?post=627"}],"version-history":[{"count":14,"href":"https:\/\/www.tulisa.org\/en\/wp-json\/wp\/v2\/pages\/627\/revisions"}],"predecessor-version":[{"id":3879,"href":"https:\/\/www.tulisa.org\/en\/wp-json\/wp\/v2\/pages\/627\/revisions\/3879"}],"wp:attachment":[{"href":"https:\/\/www.tulisa.org\/en\/wp-json\/wp\/v2\/media?parent=627"}],"curies":[{"name":"wp","href":"https:\/\/api.w.org\/{rel}","templated":true}]}}