{"id":4218,"date":"2018-10-05T22:01:29","date_gmt":"2018-10-05T20:01:29","guid":{"rendered":"http:\/\/www.tulisa.org\/rechenschaftsbericht-2017-2"},"modified":"2018-10-05T22:01:29","modified_gmt":"2018-10-05T20:01:29","slug":"rechenschaftsbericht-2017","status":"publish","type":"page","link":"https:\/\/www.tulisa.org\/en\/rechenschaftsbericht-2017","title":{"rendered":"Rechenschaftsbericht 2017"},"content":{"rendered":"<p><strong>Gewinn- und Verlustrechnung &#8211; TULISA Stiftung<\/strong><\/p>\n<table width=\"100%\" cellspacing=\"0\" cellpadding=\"0\">\n<tbody>\n<tr>\n<td class=\"left\"><\/td>\n<td class=\"middle\"><strong>2017<\/strong><\/td>\n<\/tr>\n<tr>\n<td class=\"left\">Spendenaufkommen<\/td>\n<td class=\"right\">26.726,50 \u20ac<\/td>\n<\/tr>\n<tr>\n<td class=\"left\">Finanzertr\u00e4ge<\/td>\n<td class=\"right\">467,01 \u20ac<\/td>\n<\/tr>\n<tr>\n<td class=\"left\"><strong>Summe der Ertr\u00e4ge<\/strong><\/td>\n<td class=\"right\"><strong>27.193,51 \u20ac<\/strong><\/td>\n<\/tr>\n<tr>\n<td class=\"left\">&nbsp;<\/td>\n<td class=\"left\">&nbsp;<\/td>\n<\/tr>\n<tr>\n<td class=\"left\">Kosten f\u00fcr Projekte \/ Patienten<\/td>\n<td class=\"right\">13.223,00 \u20ac<\/td>\n<\/tr>\n<tr>\n<td class=\"left\">Verwaltungskosten<\/td>\n<td class=\"right\">1.276,67 \u20ac<\/td>\n<\/tr>\n<tr>\n<td class=\"left\">Summe der Kosten<\/td>\n<td class=\"right\">14.499,67 \u20ac<\/td>\n<\/tr>\n<tr>\n<td class=\"left\"><strong>Ergebnis<\/strong><\/td>\n<td class=\"right\"><strong>12.693,84 \u20ac<\/strong><\/td>\n<\/tr>\n<tr>\n<td class=\"left\">\u00dcbertrag der \u00dcbersch\u00fcsse aus Vorjahren<\/td>\n<td class=\"right\">11.981,16 \u20ac<\/td>\n<\/tr>\n<tr>\n<td class=\"left\"><strong>Bestand zum Jahresende<\/strong><\/td>\n<td class=\"right\"><strong>24.675,00 \u20ac<\/strong><\/td>\n<\/tr>\n<tr>\n<td class=\"left\"><\/td>\n<td class=\"left\"><\/td>\n<\/tr>\n<tr>\n<td class=\"left\" colspan=\"2\"><strong>Nachrichtlich:<\/strong> Spenden der Vorstandsmitglieder<\/td>\n<\/tr>\n<tr>\n<td class=\"left\">(im Spendenaufkommen oben enthalten)*<\/td>\n<td class=\"right\">16.550,00 \u20ac<\/td>\n<\/tr>\n<\/tbody>\n<\/table>\n<p><strong>Erl\u00e4uterungen<\/strong><\/p>\n<p>* Unter Kosten f\u00fcr Projekte \/ Patienten sind nur die Kosten zusammengefasst, die unmittelbar zur Heilung der Patienten entstanden sind. S\u00e4mtliche Verwaltungskosten, die der Stiftung entstehen, werden unter Verwaltungskosten vollst\u00e4ndig aufgef\u00fchrt. Wir versuchen, diese so gering wie m\u00f6glich zu halten. Zugleich haben wir uns vorgenommen, dass wir diese Verwaltungskosten, so lange es uns m\u00f6glich ist, aus eigener Tasche finanzieren, damit die Spenden aller Spender zu 100 % ihrem Zweck zugef\u00fchrt werden k\u00f6nnen. Daher haben wir hier nachrichtlich die H\u00f6he der Spenden durch Vorstandsmitglieder aufgef\u00fchrt. Bisher ist uns die Einhaltung dieses Ziels gelungen. Wir sind zuversichtlich, dass wir dies auch in den kommenden Jahren weiter hinbekommen.<\/p>\n","protected":false},"excerpt":{"rendered":"<p>Gewinn- und Verlustrechnung &#8211; TULISA Stiftung 2017 Spendenaufkommen 26.726,50 \u20ac Finanzertr\u00e4ge 467,01 \u20ac Summe der Ertr\u00e4ge 27.193,51 \u20ac &nbsp; &nbsp; Kosten f\u00fcr Projekte \/ Patienten 13.223,00 \u20ac Verwaltungskosten 1.276,67 \u20ac Summe der Kosten 14.499,67 \u20ac Ergebnis 12.693,84 \u20ac \u00dcbertrag der &hellip; <a href=\"https:\/\/www.tulisa.org\/en\/rechenschaftsbericht-2017\">Continue reading <span class=\"meta-nav\">&rarr;<\/span><\/a><\/p>\n","protected":false},"author":4,"featured_media":0,"parent":0,"menu_order":0,"comment_status":"closed","ping_status":"closed","template":"","meta":{"ngg_post_thumbnail":0},"_links":{"self":[{"href":"https:\/\/www.tulisa.org\/en\/wp-json\/wp\/v2\/pages\/4218"}],"collection":[{"href":"https:\/\/www.tulisa.org\/en\/wp-json\/wp\/v2\/pages"}],"about":[{"href":"https:\/\/www.tulisa.org\/en\/wp-json\/wp\/v2\/types\/page"}],"author":[{"embeddable":true,"href":"https:\/\/www.tulisa.org\/en\/wp-json\/wp\/v2\/users\/4"}],"replies":[{"embeddable":true,"href":"https:\/\/www.tulisa.org\/en\/wp-json\/wp\/v2\/comments?post=4218"}],"version-history":[{"count":0,"href":"https:\/\/www.tulisa.org\/en\/wp-json\/wp\/v2\/pages\/4218\/revisions"}],"wp:attachment":[{"href":"https:\/\/www.tulisa.org\/en\/wp-json\/wp\/v2\/media?parent=4218"}],"curies":[{"name":"wp","href":"https:\/\/api.w.org\/{rel}","templated":true}]}}