{"id":3628,"date":"2015-05-27T00:08:48","date_gmt":"2015-05-26T22:08:48","guid":{"rendered":"http:\/\/www.tulisa.org\/foundation\/transparency\/rechenschaftsbericht-2014"},"modified":"2017-07-29T13:37:26","modified_gmt":"2017-07-29T11:37:26","slug":"rechenschaftsbericht-2014","status":"publish","type":"page","link":"https:\/\/www.tulisa.org\/en\/foundation\/transparency\/rechenschaftsbericht-2014","title":{"rendered":"Rechenschaftsbericht 2014"},"content":{"rendered":"<p><strong>Gewinn- und Verlustrechnung &#8211; TULISA Stiftung<\/strong><\/p>\n<table width=\"100%\" cellspacing=\"0\" cellpadding=\"0\">\n<tbody>\n<tr>\n<td class=\"left\"><\/td>\n<td class=\"middle\"><strong>2014<\/strong><\/td>\n<\/tr>\n<tr>\n<td class=\"left\">Spendenaufkommen<\/td>\n<td class=\"right\">54.435,00 \u20ac<\/td>\n<\/tr>\n<tr>\n<td class=\"left\">Finanzertr\u00e4ge<\/td>\n<td class=\"right\">552,30 \u20ac<\/td>\n<\/tr>\n<tr>\n<td class=\"left\"><strong>Summe der Ertr\u00e4ge<\/strong><\/td>\n<td class=\"right\"><strong>54.987,30 \u20ac<\/strong><\/td>\n<\/tr>\n<tr>\n<td class=\"left\">&nbsp;<\/td>\n<td class=\"left\">&nbsp;<\/td>\n<\/tr>\n<tr>\n<td class=\"left\">Kosten f\u00fcr Projekte \/ Patienten<\/td>\n<td class=\"right\">39.945,77 \u20ac<\/td>\n<\/tr>\n<tr>\n<td class=\"left\">Verwaltungskosten<\/td>\n<td class=\"right\">2.497,73 \u20ac<\/td>\n<\/tr>\n<tr>\n<td class=\"left\">Summe der Kosten<\/td>\n<td class=\"right\">42.443,50 \u20ac<\/td>\n<\/tr>\n<tr>\n<td class=\"left\"><strong>Ergebnis<\/strong><\/td>\n<td class=\"right\"><strong>12.543,80 \u20ac<\/strong><\/td>\n<\/tr>\n<tr>\n<td class=\"left\"><\/td>\n<td class=\"left\"><\/td>\n<\/tr>\n<tr>\n<td class=\"left\" colspan=\"2\"><strong>Nachrichtlich:<\/strong> Spenden der Vorstandsmitglieder<\/td>\n<\/tr>\n<tr>\n<td class=\"left\">(im Spendenaufkommen oben enthalten)*<\/td>\n<td class=\"right\">46.850,00 \u20ac<\/td>\n<\/tr>\n<\/tbody>\n<\/table>\n<p><strong>Erl\u00e4uterungen<\/strong><\/p>\n<p>* Unter Kosten f\u00fcr Projekte \/ Patienten sind nur die Kosten zusammengefasst, die unmittelbar zur Heilung der Patienten entstanden sind. S\u00e4mtliche Verwaltungskosten, die der Stiftung entstehen, werden unter Verwaltungskosten vollst\u00e4ndig aufgef\u00fchrt. Wir versuchen, diese so gering wie m\u00f6glich zu halten. Zugleich haben wir uns vorgenommen, dass wir diese Verwaltungskosten, so lange es uns m\u00f6glich ist, aus eigener Tasche finanzieren, damit die Spenden aller Spender zu 100 % ihrem Zweck zugef\u00fchrt werden k\u00f6nnen. Daher haben wir hier nachrichtlich die H\u00f6he der Spenden durch Vorstandsmitglieder aufgef\u00fchrt. Bisher ist uns die Einhaltung dieses Ziels gelungen. Wir sind zuversichtlich, dass wir dies auch in den kommenden Jahren weiter hinbekommen.<\/p>\n","protected":false},"excerpt":{"rendered":"<p>Gewinn- und Verlustrechnung &#8211; TULISA Stiftung 2014 Spendenaufkommen 54.435,00 \u20ac Finanzertr\u00e4ge 552,30 \u20ac Summe der Ertr\u00e4ge 54.987,30 \u20ac &nbsp; &nbsp; Kosten f\u00fcr Projekte \/ Patienten 39.945,77 \u20ac Verwaltungskosten 2.497,73 \u20ac Summe der Kosten 42.443,50 \u20ac Ergebnis 12.543,80 \u20ac Nachrichtlich: Spenden &hellip; <a href=\"https:\/\/www.tulisa.org\/en\/foundation\/transparency\/rechenschaftsbericht-2014\">Continue reading <span class=\"meta-nav\">&rarr;<\/span><\/a><\/p>\n","protected":false},"author":4,"featured_media":0,"parent":621,"menu_order":0,"comment_status":"closed","ping_status":"open","template":"","meta":{"ngg_post_thumbnail":0},"_links":{"self":[{"href":"https:\/\/www.tulisa.org\/en\/wp-json\/wp\/v2\/pages\/3628"}],"collection":[{"href":"https:\/\/www.tulisa.org\/en\/wp-json\/wp\/v2\/pages"}],"about":[{"href":"https:\/\/www.tulisa.org\/en\/wp-json\/wp\/v2\/types\/page"}],"author":[{"embeddable":true,"href":"https:\/\/www.tulisa.org\/en\/wp-json\/wp\/v2\/users\/4"}],"replies":[{"embeddable":true,"href":"https:\/\/www.tulisa.org\/en\/wp-json\/wp\/v2\/comments?post=3628"}],"version-history":[{"count":1,"href":"https:\/\/www.tulisa.org\/en\/wp-json\/wp\/v2\/pages\/3628\/revisions"}],"predecessor-version":[{"id":3629,"href":"https:\/\/www.tulisa.org\/en\/wp-json\/wp\/v2\/pages\/3628\/revisions\/3629"}],"up":[{"embeddable":true,"href":"https:\/\/www.tulisa.org\/en\/wp-json\/wp\/v2\/pages\/621"}],"wp:attachment":[{"href":"https:\/\/www.tulisa.org\/en\/wp-json\/wp\/v2\/media?parent=3628"}],"curies":[{"name":"wp","href":"https:\/\/api.w.org\/{rel}","templated":true}]}}